{"id":896,"date":"2022-09-05T23:53:25","date_gmt":"2022-09-05T21:53:25","guid":{"rendered":"http:\/\/www.academiedansecotemeraude.com\/?page_id=896"},"modified":"2023-07-14T14:58:23","modified_gmt":"2023-07-14T12:58:23","slug":"accueil-academie","status":"publish","type":"page","link":"https:\/\/www.academiedansecotemeraude.com\/","title":{"rendered":"Bienvenue"},"content":{"rendered":"\n<blockquote class=\"wp-block-quote has-text-align-center has-ast-global-color-1-color has-nv-site-bg-background-color has-text-color has-background is-layout-flow wp-block-quote-is-layout-flow\" style=\"font-size:25px\">\n<p><em><strong>\u00ab&nbsp;La danse est le langage cach\u00e9 de l\u2019\u00e2me.&nbsp;\u00bb<\/strong><\/em><\/p>\n<cite><em>Martha Graham<\/em><\/cite><\/blockquote>\n\n\n\n<p class=\"has-text-align-center has-neve-text-color-color has-text-color has-medium-font-size\"><strong>L\u2019Acad\u00e9mie de Danse de la C\u00f4te d\u2019Emeraude (ADCE) est une \u00e9cole de danse cr\u00e9\u00e9e en 2013. <\/strong><\/p>\n\n\n\n<p class=\"has-text-align-center has-neve-text-color-color has-text-color has-medium-font-size\"><strong>Elle se situe au 19 bis rue Alphonse Th\u00e9bault \u00e0 Saint-Malo.<\/strong><\/p>\n\n\n\n<p class=\"has-text-align-center has-neve-text-color-color has-text-color has-medium-font-size\"><strong>Elle propose des cours de danse classique, modern\u2019jazz et contemporain.<\/strong><\/p>\n\n\n\n<p><\/p>\n\n\n\n<p><\/p>\n\n\n\n<div class=\"wp-block-columns is-layout-flex wp-container-core-columns-is-layout-9d6595d7 wp-block-columns-is-layout-flex\">\n<div class=\"wp-block-column is-layout-flow wp-block-column-is-layout-flow\">\n<p><\/p>\n\n\n\n<figure class=\"wp-block-image size-full is-resized\"><img loading=\"lazy\" decoding=\"async\" src=\"https:\/\/www.academiedansecotemeraude.com\/wp-content\/uploads\/2022\/09\/IMG_20220424_202945.jpg\" alt=\"\" class=\"wp-image-990\" width=\"387\" height=\"580\" srcset=\"https:\/\/www.academiedansecotemeraude.com\/wp-content\/uploads\/2022\/09\/IMG_20220424_202945.jpg 640w, https:\/\/www.academiedansecotemeraude.com\/wp-content\/uploads\/2022\/09\/IMG_20220424_202945-200x300.jpg 200w\" sizes=\"auto, (max-width: 387px) 100vw, 387px\" \/><\/figure>\n<\/div>\n\n\n\n<div class=\"wp-block-column is-layout-flow wp-block-column-is-layout-flow\">\n<p><\/p>\n\n\n\n<p class=\"has-neve-text-color-color has-text-color has-medium-font-size\"><strong>Tous niveaux&nbsp;: enfants, ados, adultes<\/strong><\/p>\n\n\n\n<p class=\"has-neve-text-color-color has-text-color has-medium-font-size\"><strong>Eveil \u00e0 la danse \u00e0 partir de 4 ans<\/strong>, <strong>Cours particuliers<\/strong><\/p>\n\n\n\n<p class=\"has-medium-font-size\"><strong>Master-Classes<\/strong> <strong>avec des professeurs invit\u00e9s<\/strong><\/p>\n\n\n\n<p class=\"has-neve-text-color-color has-text-color has-medium-font-size\"><strong>Pr\u00e9paration aux concours<\/strong>, <strong>Ouverture de bal<\/strong><\/p>\n\n\n\n<div class=\"wp-block-columns is-layout-flex wp-container-core-columns-is-layout-9d6595d7 wp-block-columns-is-layout-flex\">\n<div class=\"wp-block-column is-layout-flow wp-block-column-is-layout-flow\">\n<figure class=\"wp-block-image size-large is-resized\"><img loading=\"lazy\" decoding=\"async\" src=\"https:\/\/www.academiedansecotemeraude.com\/wp-content\/uploads\/2022\/09\/18062022-IMG_4952-2-768x1024.jpg\" alt=\"\" class=\"wp-image-1156\" width=\"164\" height=\"218\" srcset=\"https:\/\/www.academiedansecotemeraude.com\/wp-content\/uploads\/2022\/09\/18062022-IMG_4952-2-768x1024.jpg 768w, https:\/\/www.academiedansecotemeraude.com\/wp-content\/uploads\/2022\/09\/18062022-IMG_4952-2-225x300.jpg 225w, https:\/\/www.academiedansecotemeraude.com\/wp-content\/uploads\/2022\/09\/18062022-IMG_4952-2-1152x1536.jpg 1152w, https:\/\/www.academiedansecotemeraude.com\/wp-content\/uploads\/2022\/09\/18062022-IMG_4952-2-1536x2048.jpg 1536w, https:\/\/www.academiedansecotemeraude.com\/wp-content\/uploads\/2022\/09\/18062022-IMG_4952-2-scaled.jpg 1920w\" sizes=\"auto, (max-width: 164px) 100vw, 164px\" \/><\/figure>\n\n\n\n<figure class=\"wp-block-image size-large is-resized\"><img loading=\"lazy\" decoding=\"async\" src=\"https:\/\/www.academiedansecotemeraude.com\/wp-content\/uploads\/2022\/09\/Le-chant-des-sirenes-11-1024x703.jpg\" alt=\"\" class=\"wp-image-1003\" width=\"165\" height=\"113\" srcset=\"https:\/\/www.academiedansecotemeraude.com\/wp-content\/uploads\/2022\/09\/Le-chant-des-sirenes-11-1024x703.jpg 1024w, https:\/\/www.academiedansecotemeraude.com\/wp-content\/uploads\/2022\/09\/Le-chant-des-sirenes-11-300x206.jpg 300w, https:\/\/www.academiedansecotemeraude.com\/wp-content\/uploads\/2022\/09\/Le-chant-des-sirenes-11-768x527.jpg 768w, https:\/\/www.academiedansecotemeraude.com\/wp-content\/uploads\/2022\/09\/Le-chant-des-sirenes-11-1536x1054.jpg 1536w\" sizes=\"auto, (max-width: 165px) 100vw, 165px\" \/><\/figure>\n<\/div>\n\n\n\n<div class=\"wp-block-column is-layout-flow wp-block-column-is-layout-flow\">\n<figure class=\"wp-block-image size-large is-resized\"><img loading=\"lazy\" decoding=\"async\" src=\"https:\/\/www.academiedansecotemeraude.com\/wp-content\/uploads\/2022\/09\/18062022-IMG_4907-1024x1024.jpg\" alt=\"\" class=\"wp-image-900\" width=\"165\" height=\"165\" srcset=\"https:\/\/www.academiedansecotemeraude.com\/wp-content\/uploads\/2022\/09\/18062022-IMG_4907-1024x1024.jpg 1024w, https:\/\/www.academiedansecotemeraude.com\/wp-content\/uploads\/2022\/09\/18062022-IMG_4907-300x300.jpg 300w, https:\/\/www.academiedansecotemeraude.com\/wp-content\/uploads\/2022\/09\/18062022-IMG_4907-150x150.jpg 150w, https:\/\/www.academiedansecotemeraude.com\/wp-content\/uploads\/2022\/09\/18062022-IMG_4907-768x768.jpg 768w, https:\/\/www.academiedansecotemeraude.com\/wp-content\/uploads\/2022\/09\/18062022-IMG_4907-1536x1536.jpg 1536w, https:\/\/www.academiedansecotemeraude.com\/wp-content\/uploads\/2022\/09\/18062022-IMG_4907-2048x2048.jpg 2048w\" sizes=\"auto, (max-width: 165px) 100vw, 165px\" \/><\/figure>\n\n\n\n<figure class=\"wp-block-image size-large\"><img loading=\"lazy\" decoding=\"async\" width=\"1024\" height=\"1024\" src=\"https:\/\/www.academiedansecotemeraude.com\/wp-content\/uploads\/2022\/09\/ADCE2-1-1024x1024.jpg\" alt=\"\" class=\"wp-image-1154\" srcset=\"https:\/\/www.academiedansecotemeraude.com\/wp-content\/uploads\/2022\/09\/ADCE2-1-1024x1024.jpg 1024w, https:\/\/www.academiedansecotemeraude.com\/wp-content\/uploads\/2022\/09\/ADCE2-1-300x300.jpg 300w, https:\/\/www.academiedansecotemeraude.com\/wp-content\/uploads\/2022\/09\/ADCE2-1-150x150.jpg 150w, https:\/\/www.academiedansecotemeraude.com\/wp-content\/uploads\/2022\/09\/ADCE2-1-768x768.jpg 768w, https:\/\/www.academiedansecotemeraude.com\/wp-content\/uploads\/2022\/09\/ADCE2-1.jpg 1400w\" sizes=\"auto, (max-width: 1024px) 100vw, 1024px\" \/><\/figure>\n<\/div>\n\n\n\n<div class=\"wp-block-column is-layout-flow wp-block-column-is-layout-flow\">\n<figure class=\"wp-block-image size-large is-resized\"><img loading=\"lazy\" decoding=\"async\" src=\"https:\/\/www.academiedansecotemeraude.com\/wp-content\/uploads\/2022\/09\/g4-1024x683.jpg\" alt=\"\" class=\"wp-image-902\" width=\"248\" height=\"165\" srcset=\"https:\/\/www.academiedansecotemeraude.com\/wp-content\/uploads\/2022\/09\/g4-1024x683.jpg 1024w, https:\/\/www.academiedansecotemeraude.com\/wp-content\/uploads\/2022\/09\/g4-300x200.jpg 300w, https:\/\/www.academiedansecotemeraude.com\/wp-content\/uploads\/2022\/09\/g4-768x512.jpg 768w, https:\/\/www.academiedansecotemeraude.com\/wp-content\/uploads\/2022\/09\/g4.jpg 1050w\" sizes=\"auto, (max-width: 248px) 100vw, 248px\" \/><\/figure>\n\n\n\n<figure class=\"wp-block-image size-large is-resized\"><img loading=\"lazy\" decoding=\"async\" src=\"https:\/\/www.academiedansecotemeraude.com\/wp-content\/uploads\/2022\/09\/Pluie-dete-13-1024x683.jpg\" alt=\"\" class=\"wp-image-1005\" width=\"228\" height=\"152\" srcset=\"https:\/\/www.academiedansecotemeraude.com\/wp-content\/uploads\/2022\/09\/Pluie-dete-13-1024x683.jpg 1024w, https:\/\/www.academiedansecotemeraude.com\/wp-content\/uploads\/2022\/09\/Pluie-dete-13-300x200.jpg 300w, https:\/\/www.academiedansecotemeraude.com\/wp-content\/uploads\/2022\/09\/Pluie-dete-13-768x512.jpg 768w, https:\/\/www.academiedansecotemeraude.com\/wp-content\/uploads\/2022\/09\/Pluie-dete-13-1536x1024.jpg 1536w\" sizes=\"auto, (max-width: 228px) 100vw, 228px\" \/><\/figure>\n\n\n\n<figure class=\"wp-block-image size-large is-resized\"><img loading=\"lazy\" decoding=\"async\" src=\"https:\/\/www.academiedansecotemeraude.com\/wp-content\/uploads\/2022\/09\/18062022-IMG_5075-1024x683.jpg\" alt=\"\" class=\"wp-image-910\" width=\"226\" height=\"151\" srcset=\"https:\/\/www.academiedansecotemeraude.com\/wp-content\/uploads\/2022\/09\/18062022-IMG_5075-1024x683.jpg 1024w, https:\/\/www.academiedansecotemeraude.com\/wp-content\/uploads\/2022\/09\/18062022-IMG_5075-300x200.jpg 300w, https:\/\/www.academiedansecotemeraude.com\/wp-content\/uploads\/2022\/09\/18062022-IMG_5075-768x512.jpg 768w, https:\/\/www.academiedansecotemeraude.com\/wp-content\/uploads\/2022\/09\/18062022-IMG_5075-1536x1024.jpg 1536w\" sizes=\"auto, (max-width: 226px) 100vw, 226px\" \/><\/figure>\n<\/div>\n<\/div>\n<\/div>\n<\/div>\n","protected":false},"excerpt":{"rendered":"<p>\u00ab&nbsp;La danse est le langage cach\u00e9 de l\u2019\u00e2me.&nbsp;\u00bb Martha Graham L\u2019Acad\u00e9mie de Danse de la C\u00f4te d\u2019Emeraude (ADCE) est une \u00e9cole de danse cr\u00e9\u00e9e en 2013. Elle se situe au 19 bis rue Alphonse Th\u00e9bault \u00e0 Saint-Malo. Elle propose des cours de danse classique, modern\u2019jazz et contemporain. Tous niveaux&nbsp;: enfants, ados, adultes Eveil \u00e0 la&hellip;&nbsp;<a href=\"https:\/\/www.academiedansecotemeraude.com\/\" rel=\"bookmark\">Lire la suite &raquo;<span class=\"screen-reader-text\">Bienvenue<\/span><\/a><\/p>\n","protected":false},"author":1,"featured_media":0,"parent":0,"menu_order":0,"comment_status":"closed","ping_status":"closed","template":"","meta":{"_uag_custom_page_level_css":"","neve_meta_sidebar":"","neve_meta_container":"","neve_meta_enable_content_width":"","neve_meta_content_width":0,"neve_meta_title_alignment":"","neve_meta_author_avatar":"","neve_post_elements_order":"","neve_meta_disable_header":"","neve_meta_disable_footer":"","neve_meta_disable_title":"","footnotes":""},"class_list":["post-896","page","type-page","status-publish","hentry"],"yoast_head":"<!-- This site is optimized with the Yoast SEO plugin v26.1.1 - https:\/\/yoast.com\/wordpress\/plugins\/seo\/ -->\n<title>Bienvenue - ACADEMIE DE DANSE DE LA COTE D&#039;EMERAUDE<\/title>\n<meta name=\"robots\" content=\"index, follow, max-snippet:-1, max-image-preview:large, max-video-preview:-1\" \/>\n<link rel=\"canonical\" href=\"https:\/\/www.academiedansecotemeraude.com\/\" \/>\n<meta property=\"og:locale\" content=\"fr_FR\" \/>\n<meta property=\"og:type\" content=\"article\" \/>\n<meta property=\"og:title\" content=\"Bienvenue - ACADEMIE DE DANSE DE LA COTE D&#039;EMERAUDE\" \/>\n<meta property=\"og:description\" content=\"\u00ab&nbsp;La danse est le langage cach\u00e9 de l\u2019\u00e2me.&nbsp;\u00bb Martha Graham L\u2019Acad\u00e9mie de Danse de la C\u00f4te d\u2019Emeraude (ADCE) est une \u00e9cole de danse cr\u00e9\u00e9e en 2013. Elle se situe au 19 bis rue Alphonse Th\u00e9bault \u00e0 Saint-Malo. Elle propose des cours de danse classique, modern\u2019jazz et contemporain. Tous niveaux&nbsp;: enfants, ados, adultes Eveil \u00e0 la&hellip;&nbsp;Lire la suite &raquo;Bienvenue\" \/>\n<meta property=\"og:url\" content=\"https:\/\/www.academiedansecotemeraude.com\/\" \/>\n<meta property=\"og:site_name\" content=\"ACADEMIE DE DANSE DE LA COTE D&#039;EMERAUDE\" \/>\n<meta property=\"article:publisher\" content=\"https:\/\/m.facebook.com\/profile.php?id=1884522885139605\" \/>\n<meta property=\"article:modified_time\" content=\"2023-07-14T12:58:23+00:00\" \/>\n<meta property=\"og:image\" content=\"http:\/\/www.academiedansecotemeraude.com\/wp-content\/uploads\/2022\/09\/IMG_20220424_202945.jpg\" \/>\n<meta name=\"twitter:card\" content=\"summary_large_image\" \/>\n<meta name=\"twitter:label1\" content=\"Dur\u00e9e de lecture estim\u00e9e\" \/>\n\t<meta name=\"twitter:data1\" content=\"2 minutes\" \/>\n<script type=\"application\/ld+json\" class=\"yoast-schema-graph\">{\"@context\":\"https:\/\/schema.org\",\"@graph\":[{\"@type\":\"WebPage\",\"@id\":\"https:\/\/www.academiedansecotemeraude.com\/\",\"url\":\"https:\/\/www.academiedansecotemeraude.com\/\",\"name\":\"Bienvenue - ACADEMIE DE DANSE DE LA COTE D&#039;EMERAUDE\",\"isPartOf\":{\"@id\":\"https:\/\/www.academiedansecotemeraude.com\/#website\"},\"primaryImageOfPage\":{\"@id\":\"https:\/\/www.academiedansecotemeraude.com\/#primaryimage\"},\"image\":{\"@id\":\"https:\/\/www.academiedansecotemeraude.com\/#primaryimage\"},\"thumbnailUrl\":\"http:\/\/www.academiedansecotemeraude.com\/wp-content\/uploads\/2022\/09\/IMG_20220424_202945.jpg\",\"datePublished\":\"2022-09-05T21:53:25+00:00\",\"dateModified\":\"2023-07-14T12:58:23+00:00\",\"breadcrumb\":{\"@id\":\"https:\/\/www.academiedansecotemeraude.com\/#breadcrumb\"},\"inLanguage\":\"fr-FR\",\"potentialAction\":[{\"@type\":\"ReadAction\",\"target\":[\"https:\/\/www.academiedansecotemeraude.com\/\"]}]},{\"@type\":\"ImageObject\",\"inLanguage\":\"fr-FR\",\"@id\":\"https:\/\/www.academiedansecotemeraude.com\/#primaryimage\",\"url\":\"http:\/\/www.academiedansecotemeraude.com\/wp-content\/uploads\/2022\/09\/IMG_20220424_202945.jpg\",\"contentUrl\":\"http:\/\/www.academiedansecotemeraude.com\/wp-content\/uploads\/2022\/09\/IMG_20220424_202945.jpg\"},{\"@type\":\"BreadcrumbList\",\"@id\":\"https:\/\/www.academiedansecotemeraude.com\/#breadcrumb\",\"itemListElement\":[{\"@type\":\"ListItem\",\"position\":1,\"name\":\"Accueil\",\"item\":\"https:\/\/www.academiedansecotemeraude.com\/\"},{\"@type\":\"ListItem\",\"position\":2,\"name\":\"Bienvenue\"}]},{\"@type\":\"WebSite\",\"@id\":\"https:\/\/www.academiedansecotemeraude.com\/#website\",\"url\":\"https:\/\/www.academiedansecotemeraude.com\/\",\"name\":\"ACADEMIE DE DANSE DE LA COTE D&#039;EMERAUDE\",\"description\":\"Retour accueil\",\"potentialAction\":[{\"@type\":\"SearchAction\",\"target\":{\"@type\":\"EntryPoint\",\"urlTemplate\":\"https:\/\/www.academiedansecotemeraude.com\/?s={search_term_string}\"},\"query-input\":{\"@type\":\"PropertyValueSpecification\",\"valueRequired\":true,\"valueName\":\"search_term_string\"}}],\"inLanguage\":\"fr-FR\"}]}<\/script>\n<!-- \/ Yoast SEO plugin. -->","yoast_head_json":{"title":"Bienvenue - ACADEMIE DE DANSE DE LA COTE D&#039;EMERAUDE","robots":{"index":"index","follow":"follow","max-snippet":"max-snippet:-1","max-image-preview":"max-image-preview:large","max-video-preview":"max-video-preview:-1"},"canonical":"https:\/\/www.academiedansecotemeraude.com\/","og_locale":"fr_FR","og_type":"article","og_title":"Bienvenue - ACADEMIE DE DANSE DE LA COTE D&#039;EMERAUDE","og_description":"\u00ab&nbsp;La danse est le langage cach\u00e9 de l\u2019\u00e2me.&nbsp;\u00bb Martha Graham L\u2019Acad\u00e9mie de Danse de la C\u00f4te d\u2019Emeraude (ADCE) est une \u00e9cole de danse cr\u00e9\u00e9e en 2013. Elle se situe au 19 bis rue Alphonse Th\u00e9bault \u00e0 Saint-Malo. Elle propose des cours de danse classique, modern\u2019jazz et contemporain. Tous niveaux&nbsp;: enfants, ados, adultes Eveil \u00e0 la&hellip;&nbsp;Lire la suite &raquo;Bienvenue","og_url":"https:\/\/www.academiedansecotemeraude.com\/","og_site_name":"ACADEMIE DE DANSE DE LA COTE D&#039;EMERAUDE","article_publisher":"https:\/\/m.facebook.com\/profile.php?id=1884522885139605","article_modified_time":"2023-07-14T12:58:23+00:00","og_image":[{"url":"http:\/\/www.academiedansecotemeraude.com\/wp-content\/uploads\/2022\/09\/IMG_20220424_202945.jpg","type":"","width":"","height":""}],"twitter_card":"summary_large_image","twitter_misc":{"Dur\u00e9e de lecture estim\u00e9e":"2 minutes"},"schema":{"@context":"https:\/\/schema.org","@graph":[{"@type":"WebPage","@id":"https:\/\/www.academiedansecotemeraude.com\/","url":"https:\/\/www.academiedansecotemeraude.com\/","name":"Bienvenue - ACADEMIE DE DANSE DE LA COTE D&#039;EMERAUDE","isPartOf":{"@id":"https:\/\/www.academiedansecotemeraude.com\/#website"},"primaryImageOfPage":{"@id":"https:\/\/www.academiedansecotemeraude.com\/#primaryimage"},"image":{"@id":"https:\/\/www.academiedansecotemeraude.com\/#primaryimage"},"thumbnailUrl":"http:\/\/www.academiedansecotemeraude.com\/wp-content\/uploads\/2022\/09\/IMG_20220424_202945.jpg","datePublished":"2022-09-05T21:53:25+00:00","dateModified":"2023-07-14T12:58:23+00:00","breadcrumb":{"@id":"https:\/\/www.academiedansecotemeraude.com\/#breadcrumb"},"inLanguage":"fr-FR","potentialAction":[{"@type":"ReadAction","target":["https:\/\/www.academiedansecotemeraude.com\/"]}]},{"@type":"ImageObject","inLanguage":"fr-FR","@id":"https:\/\/www.academiedansecotemeraude.com\/#primaryimage","url":"http:\/\/www.academiedansecotemeraude.com\/wp-content\/uploads\/2022\/09\/IMG_20220424_202945.jpg","contentUrl":"http:\/\/www.academiedansecotemeraude.com\/wp-content\/uploads\/2022\/09\/IMG_20220424_202945.jpg"},{"@type":"BreadcrumbList","@id":"https:\/\/www.academiedansecotemeraude.com\/#breadcrumb","itemListElement":[{"@type":"ListItem","position":1,"name":"Accueil","item":"https:\/\/www.academiedansecotemeraude.com\/"},{"@type":"ListItem","position":2,"name":"Bienvenue"}]},{"@type":"WebSite","@id":"https:\/\/www.academiedansecotemeraude.com\/#website","url":"https:\/\/www.academiedansecotemeraude.com\/","name":"ACADEMIE DE DANSE DE LA COTE D&#039;EMERAUDE","description":"Retour accueil","potentialAction":[{"@type":"SearchAction","target":{"@type":"EntryPoint","urlTemplate":"https:\/\/www.academiedansecotemeraude.com\/?s={search_term_string}"},"query-input":{"@type":"PropertyValueSpecification","valueRequired":true,"valueName":"search_term_string"}}],"inLanguage":"fr-FR"}]}},"uagb_featured_image_src":{"full":false,"thumbnail":false,"medium":false,"medium_large":false,"large":false,"1536x1536":false,"2048x2048":false,"neve-blog":false},"uagb_author_info":{"display_name":"admin8357","author_link":"https:\/\/www.academiedansecotemeraude.com\/index.php\/author\/admin8357\/"},"uagb_comment_info":0,"uagb_excerpt":"\u00ab&nbsp;La danse est le langage cach\u00e9 de l\u2019\u00e2me.&nbsp;\u00bb Martha Graham L\u2019Acad\u00e9mie de Danse de la C\u00f4te d\u2019Emeraude (ADCE) est une \u00e9cole de danse cr\u00e9\u00e9e en 2013. Elle se situe au 19 bis rue Alphonse Th\u00e9bault \u00e0 Saint-Malo. Elle propose des cours de danse classique, modern\u2019jazz et contemporain. Tous niveaux&nbsp;: enfants, ados, adultes Eveil \u00e0 la&hellip;&nbsp;Lire\u2026","_links":{"self":[{"href":"https:\/\/www.academiedansecotemeraude.com\/index.php\/wp-json\/wp\/v2\/pages\/896","targetHints":{"allow":["GET"]}}],"collection":[{"href":"https:\/\/www.academiedansecotemeraude.com\/index.php\/wp-json\/wp\/v2\/pages"}],"about":[{"href":"https:\/\/www.academiedansecotemeraude.com\/index.php\/wp-json\/wp\/v2\/types\/page"}],"author":[{"embeddable":true,"href":"https:\/\/www.academiedansecotemeraude.com\/index.php\/wp-json\/wp\/v2\/users\/1"}],"replies":[{"embeddable":true,"href":"https:\/\/www.academiedansecotemeraude.com\/index.php\/wp-json\/wp\/v2\/comments?post=896"}],"version-history":[{"count":62,"href":"https:\/\/www.academiedansecotemeraude.com\/index.php\/wp-json\/wp\/v2\/pages\/896\/revisions"}],"predecessor-version":[{"id":1413,"href":"https:\/\/www.academiedansecotemeraude.com\/index.php\/wp-json\/wp\/v2\/pages\/896\/revisions\/1413"}],"wp:attachment":[{"href":"https:\/\/www.academiedansecotemeraude.com\/index.php\/wp-json\/wp\/v2\/media?parent=896"}],"curies":[{"name":"wp","href":"https:\/\/api.w.org\/{rel}","templated":true}]}}