{"id":880,"date":"2022-09-05T23:39:14","date_gmt":"2022-09-05T21:39:14","guid":{"rendered":"http:\/\/www.academiedansecotemeraude.com\/?page_id=880"},"modified":"2025-10-18T13:02:33","modified_gmt":"2025-10-18T11:02:33","slug":"actualites","status":"publish","type":"page","link":"https:\/\/www.academiedansecotemeraude.com\/index.php\/actualites\/","title":{"rendered":"Actualit\u00e9s"},"content":{"rendered":"\n<p><\/p>\n\n\n\n<div class=\"wp-block-uagb-advanced-heading uagb-block-a342989d\"><h1 class=\"uagb-heading-text\">Actualit\u00e9s<\/h1><div class=\"uagb-separator\"><\/div><\/div>\n\n\n\n<p><strong><strong>STAGE FILE DANSE CONTEMPORAINE &amp; YIN YOGA<\/strong>\u00a0avec\u00a0<strong>Solenn Hasco\u00ebt<\/strong>, premi\u00e8res dates\u00a0<strong>dimanche 26 octobre et lundi 27 octobr<\/strong>e 2025<\/strong><\/p>\n\n\n\n<div class=\"wp-block-columns is-layout-flex wp-container-core-columns-is-layout-9d6595d7 wp-block-columns-is-layout-flex\">\n<div class=\"wp-block-column is-layout-flow wp-block-column-is-layout-flow\">\n<figure class=\"wp-block-image size-large is-resized\"><img loading=\"lazy\" decoding=\"async\" width=\"724\" height=\"1024\" src=\"https:\/\/www.academiedansecotemeraude.com\/wp-content\/uploads\/2025\/10\/Danse_et_yoga-25-26-1-724x1024.jpg\" alt=\"\" class=\"wp-image-1604\" style=\"width:330px;height:auto\" srcset=\"https:\/\/www.academiedansecotemeraude.com\/wp-content\/uploads\/2025\/10\/Danse_et_yoga-25-26-1-724x1024.jpg 724w, https:\/\/www.academiedansecotemeraude.com\/wp-content\/uploads\/2025\/10\/Danse_et_yoga-25-26-1-212x300.jpg 212w, https:\/\/www.academiedansecotemeraude.com\/wp-content\/uploads\/2025\/10\/Danse_et_yoga-25-26-1-768x1086.jpg 768w, https:\/\/www.academiedansecotemeraude.com\/wp-content\/uploads\/2025\/10\/Danse_et_yoga-25-26-1-1086x1536.jpg 1086w, https:\/\/www.academiedansecotemeraude.com\/wp-content\/uploads\/2025\/10\/Danse_et_yoga-25-26-1.jpg 1414w\" sizes=\"auto, (max-width: 724px) 100vw, 724px\" \/><\/figure>\n<\/div>\n\n\n\n<div class=\"wp-block-column is-layout-flow wp-block-column-is-layout-flow\">\n<div class=\"wp-block-columns is-layout-flex wp-container-core-columns-is-layout-9d6595d7 wp-block-columns-is-layout-flex\">\n<div class=\"wp-block-column is-layout-flow wp-block-column-is-layout-flow\" style=\"flex-basis:33.33%\"><\/div>\n\n\n\n<div class=\"wp-block-column is-layout-flow wp-block-column-is-layout-flow\" style=\"flex-basis:66.66%\"><\/div>\n<\/div>\n\n\n\n<p><\/p>\n\n\n\n<p>Notre professeure de danse contemporaine, est \u00e9galement professeure de Yoga ! Elle vous propose de m\u00ealer ces deux univers dans un stage fil\u00e9 tout au long de l&rsquo;ann\u00e9e. Venez assister \u00e0 la premi\u00e8re session de l&rsquo;ann\u00e9e les dimanche 26 et lundi 27 octobre prochain !\u00a0<\/p>\n\n\n\n<p>Possibilit\u00e9 d&rsquo;assister \u00e0 une ou plusieurs des sessions, et \u00e0 un ou les deux cours.&nbsp;<\/p>\n\n\n\n<p>Informations et inscriptions<\/p>\n\n\n\n<p>\u00a0<a href=\"https:\/\/emea01.safelinks.protection.outlook.com\/?url=https%3A%2F%2Fwww.helloasso.com%2Fassociations%2Facademie-de-danse-de-la-cote-d-emeraude%2Fadhesions%2Fstage-danse-et-yin-octobre-2025&amp;data=05%7C02%7C%7Cadd02705982d4c42845608de095d2e93%7C84df9e7fe9f640afb435aaaaaaaaaaaa%7C1%7C0%7C638958492988283673%7CUnknown%7CTWFpbGZsb3d8eyJFbXB0eU1hcGkiOnRydWUsIlYiOiIwLjAuMDAwMCIsIlAiOiJXaW4zMiIsIkFOIjoiTWFpbCIsIldUIjoyfQ%3D%3D%7C0%7C%7C%7C&amp;sdata=XlzGuQ1LWYBjReji4f35PGGzR21%2BfQCU%2BaY9ge%2BtKmo%3D&amp;reserved=0\">https:\/\/www.helloasso.com\/associations\/academie-de-danse-de-la-cote-d-emeraude\/adhesions\/stage-danse-et-yin-octobre-2025<\/a><\/p>\n<\/div>\n<\/div>\n\n\n\n<p><strong>Master Class MODERN&rsquo;JAZZ<\/strong>\u00a0avec\u00a0<strong>Bastien Nozeran<\/strong>,\u00a0<strong>les samedi 8 et dimanche 9 novembre<\/strong>,<\/p>\n\n\n\n<div class=\"wp-block-columns is-layout-flex wp-container-core-columns-is-layout-9d6595d7 wp-block-columns-is-layout-flex\">\n<div class=\"wp-block-column is-layout-flow wp-block-column-is-layout-flow\">\n<figure class=\"wp-block-image size-large is-resized\"><img loading=\"lazy\" decoding=\"async\" width=\"724\" height=\"1024\" src=\"https:\/\/www.academiedansecotemeraude.com\/wp-content\/uploads\/2025\/10\/MasterClass-25-26-3-724x1024.jpg\" alt=\"\" class=\"wp-image-1622\" style=\"width:338px;height:auto\" srcset=\"https:\/\/www.academiedansecotemeraude.com\/wp-content\/uploads\/2025\/10\/MasterClass-25-26-3-724x1024.jpg 724w, https:\/\/www.academiedansecotemeraude.com\/wp-content\/uploads\/2025\/10\/MasterClass-25-26-3-212x300.jpg 212w, https:\/\/www.academiedansecotemeraude.com\/wp-content\/uploads\/2025\/10\/MasterClass-25-26-3-768x1086.jpg 768w, https:\/\/www.academiedansecotemeraude.com\/wp-content\/uploads\/2025\/10\/MasterClass-25-26-3-1086x1536.jpg 1086w, https:\/\/www.academiedansecotemeraude.com\/wp-content\/uploads\/2025\/10\/MasterClass-25-26-3.jpg 1414w\" sizes=\"auto, (max-width: 724px) 100vw, 724px\" \/><\/figure>\n<\/div>\n\n\n\n<div class=\"wp-block-column is-layout-flow wp-block-column-is-layout-flow\">\n<p><strong>Enseignant\/Formateur<\/strong>&nbsp;\u00e0 Paris (<em>Studio Harmonic\/Juste Debout School\/Cours Florent CM<\/em>).&nbsp;Invit\u00e9 r\u00e9gulier dans diff\u00e9rents stages internationaux (France, Philippines, Allemagne, Italie, Canada, Belgique&#8230;).&nbsp;<\/p>\n\n\n\n<p>Ses cours de Modern&rsquo;Jazz ou Atelier Modern\u2019Contact permettent aux danseurs de personnaliser leur progression technique&nbsp; et artistique. Le cours comprend des \u00e9chauffements organiques ainsi que des exercices d\u2019improvisation guid\u00e9s et\/ou contact progressif, avec travail de port\u00e9s adapt\u00e9s; pour aboutir \u00e0 des variations de style Modern\u2019Jazz.<\/p>\n\n\n\n<p>&nbsp;&nbsp;<strong>Chor\u00e9graphe<\/strong>&nbsp;de sa Cie &lsquo;PurE&rsquo;, et pour diff\u00e9rents \u00e9v\u00e8nementiels (Initial Project, D\u00e9fil\u00e9s, Coaching Artistes, etc..).<\/p>\n\n\n\n<p>&nbsp; &nbsp; &nbsp;<strong>Danseur-interpr\u00e8te&nbsp;<\/strong>pour Redha (<em>Le Sicilien<\/em>), pour Kamel Ouali (<em>Cl\u00e9op\u00e2tre<\/em>), G. Peparini (<em>France2; Sidaction&#8230;<\/em>), Dans les Cies Modern\u2019Jazz et Contemporaines de Dominique Lesdema, Ray Morvan et Pat\u2019Obine&#8230;<\/p>\n\n\n\n<p>Informations et inscriptions<\/p>\n\n\n\n<p>&nbsp;<a href=\"https:\/\/emea01.safelinks.protection.outlook.com\/?url=https%3A%2F%2Fwww.helloasso.com%2Fassociations%2Facademie-de-danse-de-la-cote-d-emeraude%2Fadhesions%2Fmasterclass-25-26&amp;data=05%7C02%7C%7Cadd02705982d4c42845608de095d2e93%7C84df9e7fe9f640afb435aaaaaaaaaaaa%7C1%7C0%7C638958492988276495%7CUnknown%7CTWFpbGZsb3d8eyJFbXB0eU1hcGkiOnRydWUsIlYiOiIwLjAuMDAwMCIsIlAiOiJXaW4zMiIsIkFOIjoiTWFpbCIsIldUIjoyfQ%3D%3D%7C0%7C%7C%7C&amp;sdata=Vx6u%2FXHVRnWZKq8HGzcTUvLD0vukbdyv0K0I%2B2ch7Cs%3D&amp;reserved=0\">https:\/\/www.helloasso.com\/associations\/academie-de-danse-de-la-cote-d-emeraude\/adhesions\/masterclass-25-26<\/a><br><\/p>\n<\/div>\n<\/div>\n\n\n\n<div class=\"wp-block-columns is-layout-flex wp-container-core-columns-is-layout-9d6595d7 wp-block-columns-is-layout-flex\">\n<div class=\"wp-block-column is-layout-flow wp-block-column-is-layout-flow\">\n<div class=\"wp-block-columns is-layout-flex wp-container-core-columns-is-layout-9d6595d7 wp-block-columns-is-layout-flex\">\n<div class=\"wp-block-column is-layout-flow wp-block-column-is-layout-flow\" style=\"flex-basis:33.33%\">\n<div class=\"wp-block-columns is-layout-flex wp-container-core-columns-is-layout-9d6595d7 wp-block-columns-is-layout-flex\">\n<div class=\"wp-block-column is-layout-flow wp-block-column-is-layout-flow\" style=\"flex-basis:33.33%\"><\/div>\n<\/div>\n<\/div>\n\n\n\n<div class=\"wp-block-column is-layout-flow wp-block-column-is-layout-flow\" style=\"flex-basis:66.66%\">\n<div class=\"wp-block-columns is-layout-flex wp-container-core-columns-is-layout-9d6595d7 wp-block-columns-is-layout-flex\">\n<div class=\"wp-block-column is-layout-flow wp-block-column-is-layout-flow\"><\/div>\n<\/div>\n<\/div>\n<\/div>\n<\/div>\n\n\n\n<div class=\"wp-block-column is-layout-flow wp-block-column-is-layout-flow\">\n<p><\/p>\n\n\n\n<p><\/p>\n<\/div>\n<\/div>\n","protected":false},"excerpt":{"rendered":"<p>Actualit\u00e9s STAGE FILE DANSE CONTEMPORAINE &amp; YIN YOGA\u00a0avec\u00a0Solenn Hasco\u00ebt, premi\u00e8res dates\u00a0dimanche 26 octobre et lundi 27 octobre 2025 Notre professeure de danse contemporaine, est \u00e9galement professeure de Yoga ! Elle vous propose de m\u00ealer ces deux univers dans un stage fil\u00e9 tout au long de l&rsquo;ann\u00e9e. Venez assister \u00e0 la premi\u00e8re session de l&rsquo;ann\u00e9e les&hellip;&nbsp;<a href=\"https:\/\/www.academiedansecotemeraude.com\/index.php\/actualites\/\" rel=\"bookmark\">Lire la suite &raquo;<span class=\"screen-reader-text\">Actualit\u00e9s<\/span><\/a><\/p>\n","protected":false},"author":1,"featured_media":0,"parent":0,"menu_order":0,"comment_status":"closed","ping_status":"closed","template":"","meta":{"_uag_custom_page_level_css":"","neve_meta_sidebar":"full-width","neve_meta_container":"contained","neve_meta_enable_content_width":"","neve_meta_content_width":0,"neve_meta_title_alignment":"","neve_meta_author_avatar":"","neve_post_elements_order":"","neve_meta_disable_header":"","neve_meta_disable_footer":"","neve_meta_disable_title":"","footnotes":""},"class_list":["post-880","page","type-page","status-publish","hentry"],"yoast_head":"<!-- This site is optimized with the Yoast SEO plugin v26.1.1 - https:\/\/yoast.com\/wordpress\/plugins\/seo\/ -->\n<title>Actualit\u00e9s - ACADEMIE DE DANSE DE LA COTE D&#039;EMERAUDE<\/title>\n<meta name=\"robots\" content=\"index, follow, max-snippet:-1, max-image-preview:large, max-video-preview:-1\" \/>\n<link rel=\"canonical\" href=\"https:\/\/www.academiedansecotemeraude.com\/index.php\/actualites\/\" \/>\n<meta property=\"og:locale\" content=\"fr_FR\" \/>\n<meta property=\"og:type\" content=\"article\" \/>\n<meta property=\"og:title\" content=\"Actualit\u00e9s - ACADEMIE DE DANSE DE LA COTE D&#039;EMERAUDE\" \/>\n<meta property=\"og:description\" content=\"Actualit\u00e9s STAGE FILE DANSE CONTEMPORAINE &amp; YIN YOGA\u00a0avec\u00a0Solenn Hasco\u00ebt, premi\u00e8res dates\u00a0dimanche 26 octobre et lundi 27 octobre 2025 Notre professeure de danse contemporaine, est \u00e9galement professeure de Yoga ! Elle vous propose de m\u00ealer ces deux univers dans un stage fil\u00e9 tout au long de l&rsquo;ann\u00e9e. Venez assister \u00e0 la premi\u00e8re session de l&rsquo;ann\u00e9e les&hellip;&nbsp;Lire la suite &raquo;Actualit\u00e9s\" \/>\n<meta property=\"og:url\" content=\"https:\/\/www.academiedansecotemeraude.com\/index.php\/actualites\/\" \/>\n<meta property=\"og:site_name\" content=\"ACADEMIE DE DANSE DE LA COTE D&#039;EMERAUDE\" \/>\n<meta property=\"article:publisher\" content=\"https:\/\/m.facebook.com\/profile.php?id=1884522885139605\" \/>\n<meta property=\"article:modified_time\" content=\"2025-10-18T11:02:33+00:00\" \/>\n<meta property=\"og:image\" content=\"https:\/\/www.academiedansecotemeraude.com\/wp-content\/uploads\/2025\/10\/Danse_et_yoga-25-26-1.jpg\" \/>\n\t<meta property=\"og:image:width\" content=\"1414\" \/>\n\t<meta property=\"og:image:height\" content=\"2000\" \/>\n\t<meta property=\"og:image:type\" content=\"image\/jpeg\" \/>\n<meta name=\"twitter:card\" content=\"summary_large_image\" \/>\n<meta name=\"twitter:label1\" content=\"Dur\u00e9e de lecture estim\u00e9e\" \/>\n\t<meta name=\"twitter:data1\" content=\"2 minutes\" \/>\n<script type=\"application\/ld+json\" class=\"yoast-schema-graph\">{\"@context\":\"https:\/\/schema.org\",\"@graph\":[{\"@type\":\"WebPage\",\"@id\":\"https:\/\/www.academiedansecotemeraude.com\/index.php\/actualites\/\",\"url\":\"https:\/\/www.academiedansecotemeraude.com\/index.php\/actualites\/\",\"name\":\"Actualit\u00e9s - ACADEMIE DE DANSE DE LA COTE D&#039;EMERAUDE\",\"isPartOf\":{\"@id\":\"https:\/\/www.academiedansecotemeraude.com\/#website\"},\"primaryImageOfPage\":{\"@id\":\"https:\/\/www.academiedansecotemeraude.com\/index.php\/actualites\/#primaryimage\"},\"image\":{\"@id\":\"https:\/\/www.academiedansecotemeraude.com\/index.php\/actualites\/#primaryimage\"},\"thumbnailUrl\":\"https:\/\/www.academiedansecotemeraude.com\/wp-content\/uploads\/2025\/10\/Danse_et_yoga-25-26-1-724x1024.jpg\",\"datePublished\":\"2022-09-05T21:39:14+00:00\",\"dateModified\":\"2025-10-18T11:02:33+00:00\",\"breadcrumb\":{\"@id\":\"https:\/\/www.academiedansecotemeraude.com\/index.php\/actualites\/#breadcrumb\"},\"inLanguage\":\"fr-FR\",\"potentialAction\":[{\"@type\":\"ReadAction\",\"target\":[\"https:\/\/www.academiedansecotemeraude.com\/index.php\/actualites\/\"]}]},{\"@type\":\"ImageObject\",\"inLanguage\":\"fr-FR\",\"@id\":\"https:\/\/www.academiedansecotemeraude.com\/index.php\/actualites\/#primaryimage\",\"url\":\"https:\/\/www.academiedansecotemeraude.com\/wp-content\/uploads\/2025\/10\/Danse_et_yoga-25-26-1.jpg\",\"contentUrl\":\"https:\/\/www.academiedansecotemeraude.com\/wp-content\/uploads\/2025\/10\/Danse_et_yoga-25-26-1.jpg\",\"width\":1414,\"height\":2000},{\"@type\":\"BreadcrumbList\",\"@id\":\"https:\/\/www.academiedansecotemeraude.com\/index.php\/actualites\/#breadcrumb\",\"itemListElement\":[{\"@type\":\"ListItem\",\"position\":1,\"name\":\"Accueil\",\"item\":\"https:\/\/www.academiedansecotemeraude.com\/\"},{\"@type\":\"ListItem\",\"position\":2,\"name\":\"Actualit\u00e9s\"}]},{\"@type\":\"WebSite\",\"@id\":\"https:\/\/www.academiedansecotemeraude.com\/#website\",\"url\":\"https:\/\/www.academiedansecotemeraude.com\/\",\"name\":\"ACADEMIE DE DANSE DE LA COTE D&#039;EMERAUDE\",\"description\":\"Retour accueil\",\"potentialAction\":[{\"@type\":\"SearchAction\",\"target\":{\"@type\":\"EntryPoint\",\"urlTemplate\":\"https:\/\/www.academiedansecotemeraude.com\/?s={search_term_string}\"},\"query-input\":{\"@type\":\"PropertyValueSpecification\",\"valueRequired\":true,\"valueName\":\"search_term_string\"}}],\"inLanguage\":\"fr-FR\"}]}<\/script>\n<!-- \/ Yoast SEO plugin. -->","yoast_head_json":{"title":"Actualit\u00e9s - ACADEMIE DE DANSE DE LA COTE D&#039;EMERAUDE","robots":{"index":"index","follow":"follow","max-snippet":"max-snippet:-1","max-image-preview":"max-image-preview:large","max-video-preview":"max-video-preview:-1"},"canonical":"https:\/\/www.academiedansecotemeraude.com\/index.php\/actualites\/","og_locale":"fr_FR","og_type":"article","og_title":"Actualit\u00e9s - ACADEMIE DE DANSE DE LA COTE D&#039;EMERAUDE","og_description":"Actualit\u00e9s STAGE FILE DANSE CONTEMPORAINE &amp; YIN YOGA\u00a0avec\u00a0Solenn Hasco\u00ebt, premi\u00e8res dates\u00a0dimanche 26 octobre et lundi 27 octobre 2025 Notre professeure de danse contemporaine, est \u00e9galement professeure de Yoga ! Elle vous propose de m\u00ealer ces deux univers dans un stage fil\u00e9 tout au long de l&rsquo;ann\u00e9e. Venez assister \u00e0 la premi\u00e8re session de l&rsquo;ann\u00e9e les&hellip;&nbsp;Lire la suite &raquo;Actualit\u00e9s","og_url":"https:\/\/www.academiedansecotemeraude.com\/index.php\/actualites\/","og_site_name":"ACADEMIE DE DANSE DE LA COTE D&#039;EMERAUDE","article_publisher":"https:\/\/m.facebook.com\/profile.php?id=1884522885139605","article_modified_time":"2025-10-18T11:02:33+00:00","og_image":[{"width":1414,"height":2000,"url":"https:\/\/www.academiedansecotemeraude.com\/wp-content\/uploads\/2025\/10\/Danse_et_yoga-25-26-1.jpg","type":"image\/jpeg"}],"twitter_card":"summary_large_image","twitter_misc":{"Dur\u00e9e de lecture estim\u00e9e":"2 minutes"},"schema":{"@context":"https:\/\/schema.org","@graph":[{"@type":"WebPage","@id":"https:\/\/www.academiedansecotemeraude.com\/index.php\/actualites\/","url":"https:\/\/www.academiedansecotemeraude.com\/index.php\/actualites\/","name":"Actualit\u00e9s - ACADEMIE DE DANSE DE LA COTE D&#039;EMERAUDE","isPartOf":{"@id":"https:\/\/www.academiedansecotemeraude.com\/#website"},"primaryImageOfPage":{"@id":"https:\/\/www.academiedansecotemeraude.com\/index.php\/actualites\/#primaryimage"},"image":{"@id":"https:\/\/www.academiedansecotemeraude.com\/index.php\/actualites\/#primaryimage"},"thumbnailUrl":"https:\/\/www.academiedansecotemeraude.com\/wp-content\/uploads\/2025\/10\/Danse_et_yoga-25-26-1-724x1024.jpg","datePublished":"2022-09-05T21:39:14+00:00","dateModified":"2025-10-18T11:02:33+00:00","breadcrumb":{"@id":"https:\/\/www.academiedansecotemeraude.com\/index.php\/actualites\/#breadcrumb"},"inLanguage":"fr-FR","potentialAction":[{"@type":"ReadAction","target":["https:\/\/www.academiedansecotemeraude.com\/index.php\/actualites\/"]}]},{"@type":"ImageObject","inLanguage":"fr-FR","@id":"https:\/\/www.academiedansecotemeraude.com\/index.php\/actualites\/#primaryimage","url":"https:\/\/www.academiedansecotemeraude.com\/wp-content\/uploads\/2025\/10\/Danse_et_yoga-25-26-1.jpg","contentUrl":"https:\/\/www.academiedansecotemeraude.com\/wp-content\/uploads\/2025\/10\/Danse_et_yoga-25-26-1.jpg","width":1414,"height":2000},{"@type":"BreadcrumbList","@id":"https:\/\/www.academiedansecotemeraude.com\/index.php\/actualites\/#breadcrumb","itemListElement":[{"@type":"ListItem","position":1,"name":"Accueil","item":"https:\/\/www.academiedansecotemeraude.com\/"},{"@type":"ListItem","position":2,"name":"Actualit\u00e9s"}]},{"@type":"WebSite","@id":"https:\/\/www.academiedansecotemeraude.com\/#website","url":"https:\/\/www.academiedansecotemeraude.com\/","name":"ACADEMIE DE DANSE DE LA COTE D&#039;EMERAUDE","description":"Retour accueil","potentialAction":[{"@type":"SearchAction","target":{"@type":"EntryPoint","urlTemplate":"https:\/\/www.academiedansecotemeraude.com\/?s={search_term_string}"},"query-input":{"@type":"PropertyValueSpecification","valueRequired":true,"valueName":"search_term_string"}}],"inLanguage":"fr-FR"}]}},"uagb_featured_image_src":{"full":false,"thumbnail":false,"medium":false,"medium_large":false,"large":false,"1536x1536":false,"2048x2048":false,"neve-blog":false},"uagb_author_info":{"display_name":"admin8357","author_link":"https:\/\/www.academiedansecotemeraude.com\/index.php\/author\/admin8357\/"},"uagb_comment_info":0,"uagb_excerpt":"Actualit\u00e9s STAGE FILE DANSE CONTEMPORAINE &amp; YIN YOGA\u00a0avec\u00a0Solenn Hasco\u00ebt, premi\u00e8res dates\u00a0dimanche 26 octobre et lundi 27 octobre 2025 Notre professeure de danse contemporaine, est \u00e9galement professeure de Yoga ! Elle vous propose de m\u00ealer ces deux univers dans un stage fil\u00e9 tout au long de l&rsquo;ann\u00e9e. Venez assister \u00e0 la premi\u00e8re session de l&rsquo;ann\u00e9e les&hellip;&nbsp;Lire\u2026","_links":{"self":[{"href":"https:\/\/www.academiedansecotemeraude.com\/index.php\/wp-json\/wp\/v2\/pages\/880","targetHints":{"allow":["GET"]}}],"collection":[{"href":"https:\/\/www.academiedansecotemeraude.com\/index.php\/wp-json\/wp\/v2\/pages"}],"about":[{"href":"https:\/\/www.academiedansecotemeraude.com\/index.php\/wp-json\/wp\/v2\/types\/page"}],"author":[{"embeddable":true,"href":"https:\/\/www.academiedansecotemeraude.com\/index.php\/wp-json\/wp\/v2\/users\/1"}],"replies":[{"embeddable":true,"href":"https:\/\/www.academiedansecotemeraude.com\/index.php\/wp-json\/wp\/v2\/comments?post=880"}],"version-history":[{"count":154,"href":"https:\/\/www.academiedansecotemeraude.com\/index.php\/wp-json\/wp\/v2\/pages\/880\/revisions"}],"predecessor-version":[{"id":1624,"href":"https:\/\/www.academiedansecotemeraude.com\/index.php\/wp-json\/wp\/v2\/pages\/880\/revisions\/1624"}],"wp:attachment":[{"href":"https:\/\/www.academiedansecotemeraude.com\/index.php\/wp-json\/wp\/v2\/media?parent=880"}],"curies":[{"name":"wp","href":"https:\/\/api.w.org\/{rel}","templated":true}]}}